{"id":22942,"date":"2017-09-04T15:21:44","date_gmt":"2017-09-04T15:21:44","guid":{"rendered":"http:\/\/publitesa.es\/agencia-de-publicitat\/"},"modified":"2026-02-05T10:46:32","modified_gmt":"2026-02-05T09:46:32","slug":"agencia-de-publicidad-2-2-2","status":"publish","type":"page","link":"https:\/\/www.publitesa.es\/es\/agencia-de-publicidad-2-2-2\/","title":{"rendered":"Agencia de publicidad"},"content":{"rendered":"<div class=\"wpb-content-wrapper\"><p>[vc_row row_type=\u00bbrow\u00bb use_row_as_full_screen_section=\u00bbyes\u00bb type=\u00bbfull_width\u00bb text_align=\u00bbleft\u00bb background_animation=\u00bbnone\u00bb css_animation=\u00bb\u00bb css=\u00bb.vc_custom_1770284789638{padding-top: 50px !important;}\u00bb][vc_column]<div class='projects_holder_outer v4 portfolio_with_space portfolio_standard masonry_with_space pinterest_space qode-filter-position-top'>\n\n<div class='projects_holder clearfix v4 standard portfolio_default_image '>\n\n<p>Sorry, no posts matched your criteria.<\/p><\/div>\n    <\/div>\n[\/vc_column][\/vc_row]<\/p>\n<\/div>","protected":false},"excerpt":{"rendered":"<p>[vc_row row_type=\u00bbrow\u00bb use_row_as_full_screen_section=\u00bbyes\u00bb type=\u00bbfull_width\u00bb text_align=\u00bbleft\u00bb background_animation=\u00bbnone\u00bb css_animation=\u00bb\u00bb css=\u00bb.vc_custom_1770284789638{padding-top: 50px !important;}\u00bb][vc_column][\/vc_column][\/vc_row]<\/p>\n","protected":false},"author":1,"featured_media":0,"parent":0,"menu_order":38,"comment_status":"closed","ping_status":"closed","template":"full_width.php","meta":{"footnotes":""},"class_list":["post-22942","page","type-page","status-publish","hentry"],"yoast_head":"<!-- This site is optimized with the Yoast SEO plugin v26.9 - https:\/\/yoast.com\/product\/yoast-seo-wordpress\/ -->\n<title>Agencia de publicidad en Terrassa | Publitesa Comunicaci\u00f3<\/title>\n<meta name=\"description\" content=\"Agencia de publicidad en Terrassa. Estudio de dise\u00f1o gr\u00e1fico y dise\u00f1o web. Publicidad en autobuses, mupis y opis de Terrassa.\" \/>\n<meta name=\"robots\" content=\"index, follow, max-snippet:-1, max-image-preview:large, max-video-preview:-1\" \/>\n<link rel=\"canonical\" href=\"https:\/\/www.publitesa.es\/es\/\" \/>\n<meta property=\"og:locale\" content=\"es_ES\" \/>\n<meta property=\"og:type\" content=\"article\" \/>\n<meta property=\"og:title\" content=\"Agencia de publicidad en Terrassa | Publitesa Comunicaci\u00f3\" \/>\n<meta property=\"og:description\" content=\"Agencia de publicidad en Terrassa. Estudio de dise\u00f1o gr\u00e1fico y dise\u00f1o web. Publicidad en autobuses, mupis y opis de Terrassa.\" \/>\n<meta property=\"og:url\" content=\"https:\/\/www.publitesa.es\/es\/\" \/>\n<meta property=\"og:site_name\" content=\"Publitesa Comunicaci\u00f3\" \/>\n<meta property=\"article:modified_time\" content=\"2026-02-05T09:46:32+00:00\" \/>\n<meta name=\"twitter:card\" content=\"summary_large_image\" \/>\n<meta name=\"twitter:label1\" content=\"Tiempo de lectura\" \/>\n\t<meta name=\"twitter:data1\" content=\"1 minuto\" \/>\n<script type=\"application\/ld+json\" class=\"yoast-schema-graph\">{\"@context\":\"https:\/\/schema.org\",\"@graph\":[{\"@type\":\"WebPage\",\"@id\":\"https:\/\/www.publitesa.es\/es\/\",\"url\":\"https:\/\/www.publitesa.es\/es\/\",\"name\":\"Agencia de publicidad en Terrassa | Publitesa Comunicaci\u00f3\",\"isPartOf\":{\"@id\":\"https:\/\/www.publitesa.es\/#website\"},\"datePublished\":\"2017-09-04T15:21:44+00:00\",\"dateModified\":\"2026-02-05T09:46:32+00:00\",\"description\":\"Agencia de publicidad en Terrassa. Estudio de dise\u00f1o gr\u00e1fico y dise\u00f1o web. Publicidad en autobuses, mupis y opis de Terrassa.\",\"breadcrumb\":{\"@id\":\"https:\/\/www.publitesa.es\/es\/#breadcrumb\"},\"inLanguage\":\"es\",\"potentialAction\":[{\"@type\":\"ReadAction\",\"target\":[\"https:\/\/www.publitesa.es\/es\/\"]}]},{\"@type\":\"BreadcrumbList\",\"@id\":\"https:\/\/www.publitesa.es\/es\/#breadcrumb\",\"itemListElement\":[{\"@type\":\"ListItem\",\"position\":1,\"name\":\"Inici\",\"item\":\"https:\/\/www.publitesa.es\/\"},{\"@type\":\"ListItem\",\"position\":2,\"name\":\"Agencia de publicidad\"}]},{\"@type\":\"WebSite\",\"@id\":\"https:\/\/www.publitesa.es\/#website\",\"url\":\"https:\/\/www.publitesa.es\/\",\"name\":\"Publitesa Comunicaci\u00f3\",\"description\":\"Ag\u00e8ncia de publicitat a Terrassa\",\"potentialAction\":[{\"@type\":\"SearchAction\",\"target\":{\"@type\":\"EntryPoint\",\"urlTemplate\":\"https:\/\/www.publitesa.es\/?s={search_term_string}\"},\"query-input\":{\"@type\":\"PropertyValueSpecification\",\"valueRequired\":true,\"valueName\":\"search_term_string\"}}],\"inLanguage\":\"es\"}]}<\/script>\n<!-- \/ Yoast SEO plugin. -->","yoast_head_json":{"title":"Agencia de publicidad en Terrassa | Publitesa Comunicaci\u00f3","description":"Agencia de publicidad en Terrassa. Estudio de dise\u00f1o gr\u00e1fico y dise\u00f1o web. Publicidad en autobuses, mupis y opis de Terrassa.","robots":{"index":"index","follow":"follow","max-snippet":"max-snippet:-1","max-image-preview":"max-image-preview:large","max-video-preview":"max-video-preview:-1"},"canonical":"https:\/\/www.publitesa.es\/es\/","og_locale":"es_ES","og_type":"article","og_title":"Agencia de publicidad en Terrassa | Publitesa Comunicaci\u00f3","og_description":"Agencia de publicidad en Terrassa. Estudio de dise\u00f1o gr\u00e1fico y dise\u00f1o web. Publicidad en autobuses, mupis y opis de Terrassa.","og_url":"https:\/\/www.publitesa.es\/es\/","og_site_name":"Publitesa Comunicaci\u00f3","article_modified_time":"2026-02-05T09:46:32+00:00","twitter_card":"summary_large_image","twitter_misc":{"Tiempo de lectura":"1 minuto"},"schema":{"@context":"https:\/\/schema.org","@graph":[{"@type":"WebPage","@id":"https:\/\/www.publitesa.es\/es\/","url":"https:\/\/www.publitesa.es\/es\/","name":"Agencia de publicidad en Terrassa | Publitesa Comunicaci\u00f3","isPartOf":{"@id":"https:\/\/www.publitesa.es\/#website"},"datePublished":"2017-09-04T15:21:44+00:00","dateModified":"2026-02-05T09:46:32+00:00","description":"Agencia de publicidad en Terrassa. Estudio de dise\u00f1o gr\u00e1fico y dise\u00f1o web. Publicidad en autobuses, mupis y opis de Terrassa.","breadcrumb":{"@id":"https:\/\/www.publitesa.es\/es\/#breadcrumb"},"inLanguage":"es","potentialAction":[{"@type":"ReadAction","target":["https:\/\/www.publitesa.es\/es\/"]}]},{"@type":"BreadcrumbList","@id":"https:\/\/www.publitesa.es\/es\/#breadcrumb","itemListElement":[{"@type":"ListItem","position":1,"name":"Inici","item":"https:\/\/www.publitesa.es\/"},{"@type":"ListItem","position":2,"name":"Agencia de publicidad"}]},{"@type":"WebSite","@id":"https:\/\/www.publitesa.es\/#website","url":"https:\/\/www.publitesa.es\/","name":"Publitesa Comunicaci\u00f3","description":"Ag\u00e8ncia de publicitat a Terrassa","potentialAction":[{"@type":"SearchAction","target":{"@type":"EntryPoint","urlTemplate":"https:\/\/www.publitesa.es\/?s={search_term_string}"},"query-input":{"@type":"PropertyValueSpecification","valueRequired":true,"valueName":"search_term_string"}}],"inLanguage":"es"}]}},"_links":{"self":[{"href":"https:\/\/www.publitesa.es\/es\/wp-json\/wp\/v2\/pages\/22942","targetHints":{"allow":["GET"]}}],"collection":[{"href":"https:\/\/www.publitesa.es\/es\/wp-json\/wp\/v2\/pages"}],"about":[{"href":"https:\/\/www.publitesa.es\/es\/wp-json\/wp\/v2\/types\/page"}],"author":[{"embeddable":true,"href":"https:\/\/www.publitesa.es\/es\/wp-json\/wp\/v2\/users\/1"}],"replies":[{"embeddable":true,"href":"https:\/\/www.publitesa.es\/es\/wp-json\/wp\/v2\/comments?post=22942"}],"version-history":[{"count":21,"href":"https:\/\/www.publitesa.es\/es\/wp-json\/wp\/v2\/pages\/22942\/revisions"}],"predecessor-version":[{"id":26172,"href":"https:\/\/www.publitesa.es\/es\/wp-json\/wp\/v2\/pages\/22942\/revisions\/26172"}],"wp:attachment":[{"href":"https:\/\/www.publitesa.es\/es\/wp-json\/wp\/v2\/media?parent=22942"}],"curies":[{"name":"wp","href":"https:\/\/api.w.org\/{rel}","templated":true}]}}